{"id":42,"date":"2024-07-18T19:51:18","date_gmt":"2024-07-18T17:51:18","guid":{"rendered":"https:\/\/brf.carre-bleu.eu\/index.php\/about\/"},"modified":"2024-07-23T23:44:31","modified_gmt":"2024-07-23T21:44:31","slug":"a-propos","status":"publish","type":"page","link":"https:\/\/brf.carre-bleu.eu\/index.php\/a-propos\/","title":{"rendered":"A propos de nous"},"content":{"rendered":"\t\t<div data-elementor-type=\"wp-page\" data-elementor-id=\"42\" class=\"elementor elementor-42\" data-elementor-post-type=\"page\">\n\t\t\t\t\t\t<section class=\"elementor-section elementor-top-section elementor-element elementor-element-d375fcc elementor-section-boxed elementor-section-height-default elementor-section-height-default\" data-id=\"d375fcc\" data-element_type=\"section\" data-settings=\"{&quot;background_background&quot;:&quot;classic&quot;}\">\n\t\t\t\t\t\t<div class=\"elementor-container elementor-column-gap-wider\">\n\t\t\t\t\t<div class=\"elementor-column elementor-col-100 elementor-top-column elementor-element elementor-element-532fd4b\" data-id=\"532fd4b\" data-element_type=\"column\">\n\t\t\t<div class=\"elementor-widget-wrap elementor-element-populated\">\n\t\t\t\t\t\t<div class=\"elementor-element elementor-element-bc6c31f elementor-widget elementor-widget-ucaddon_blox_particles_logo\" data-id=\"bc6c31f\" data-element_type=\"widget\" data-widget_type=\"ucaddon_blox_particles_logo.default\">\n\t\t\t\t<div class=\"elementor-widget-container\">\n\t\t\t\t\t\n<!-- start Particle Image -->\n<style>\/* widget: Particle Image *\/\n\n#uc_blox_particles_logo_elementor_bc6c31f {\n  display: none;\n}\n.uc_blox_particles_logo_elementor_bc6c31f_particle-img-wrapper{\nwidth:100%;\nheight:250px;\ntext-align:center;}\n\n<\/style>\n\n<div class=\"uc_blox_particles_logo_elementor_bc6c31f_particle-img-wrapper\">\n<img decoding=\"async\"\n  id=\"uc_blox_particles_logo_elementor_bc6c31f\"\n  class=\"uc_blox_particles_logo_elementor_bc6c31f ue-particle-image\"\n  data-width=\"300\"\n  data-height=\"250\"\n  data-max-width=\"100%\"\n  data-particle-gap=\"2\"\n  data-color=\"\"\n  data-gravity=\"0.19\"\n  data-noise=\"10\"\n     \n \n     \n  data-particle-size=\"2\"\n  data-layer-count=\"1\"\n  data-layer-distance=\"50\"\n  data-depth=\"3\"   \n  data-life-cycle=\"false\"\n  data-grow-duration=\"10\"\n  data-wait-duration=\"180\"\n  data-shrink-duration=\"50\"\n  data-shrink-distance=\"120\"\n\n       \n  data-mouse-force=\"30\"\n  data-init-position=\"none\"\n  data-init-direction=\"none\"\n  data-fade-position=\"none\"\n  data-fade-direction=\"none\"\n  src=\"https:\/\/brf.carre-bleu.eu\/wp-content\/uploads\/2024\/07\/CARREBLEU-logo-group-blanc.png\" >\n<\/div>\n<!-- end Particle Image -->\t\t\t\t<\/div>\n\t\t\t\t<\/div>\n\t\t\t\t<div class=\"elementor-element elementor-element-9d17fd4 elementor-widget elementor-widget-spacer\" data-id=\"9d17fd4\" data-element_type=\"widget\" data-widget_type=\"spacer.default\">\n\t\t\t\t<div class=\"elementor-widget-container\">\n\t\t\t\t\t\t\t<div class=\"elementor-spacer\">\n\t\t\t<div class=\"elementor-spacer-inner\"><\/div>\n\t\t<\/div>\n\t\t\t\t\t\t<\/div>\n\t\t\t\t<\/div>\n\t\t\t\t<div class=\"elementor-element elementor-element-e324bae elementor-widget elementor-widget-heading\" data-id=\"e324bae\" data-element_type=\"widget\" data-widget_type=\"heading.default\">\n\t\t\t\t<div class=\"elementor-widget-container\">\n\t\t\t\t\t<span class=\"elementor-heading-title elementor-size-default\">Carr\u00e9 Bleu est le sp\u00e9cialiste fran\u00e7ais du BRF. Notre \u00e9quipe est compos\u00e9e d'ing\u00e9nieurs agronomes et d'experts reconnus au niveau national.<\/span>\t\t\t\t<\/div>\n\t\t\t\t<\/div>\n\t\t\t\t<div class=\"elementor-element elementor-element-36b84bf elementor-widget elementor-widget-heading\" data-id=\"36b84bf\" data-element_type=\"widget\" data-widget_type=\"heading.default\">\n\t\t\t\t<div class=\"elementor-widget-container\">\n\t\t\t\t\t<span class=\"elementor-heading-title elementor-size-default\">\nNotre m\u00e9tier initial est la consultance et l'expertise.\nNous avons construit une v\u00e9ritable fili\u00e8re avec des propri\u00e9taires de for\u00eats et des entreprises de travaux forestiers pour vous proposer un B.R.F. local, certifi\u00e9, et de tr\u00e8s haute qualit\u00e9. En Champagne, nous sommes m\u00eame capables de vous fournir des petits volumes.<\/span>\t\t\t\t<\/div>\n\t\t\t\t<\/div>\n\t\t\t\t<section class=\"elementor-section elementor-inner-section elementor-element elementor-element-eeec885 elementor-section-full_width elementor-section-height-default elementor-section-height-default\" data-id=\"eeec885\" data-element_type=\"section\">\n\t\t\t\t\t\t<div class=\"elementor-container elementor-column-gap-default\">\n\t\t\t\t\t<div class=\"elementor-column elementor-col-100 elementor-inner-column elementor-element elementor-element-4405c40\" data-id=\"4405c40\" data-element_type=\"column\">\n\t\t\t<div class=\"elementor-widget-wrap elementor-element-populated\">\n\t\t\t\t\t\t<div class=\"elementor-element elementor-element-f0dd8d6 elementor-widget elementor-widget-spacer\" data-id=\"f0dd8d6\" data-element_type=\"widget\" data-widget_type=\"spacer.default\">\n\t\t\t\t<div class=\"elementor-widget-container\">\n\t\t\t\t\t\t\t<div class=\"elementor-spacer\">\n\t\t\t<div class=\"elementor-spacer-inner\"><\/div>\n\t\t<\/div>\n\t\t\t\t\t\t<\/div>\n\t\t\t\t<\/div>\n\t\t\t\t\t<\/div>\n\t\t<\/div>\n\t\t\t\t\t<\/div>\n\t\t<\/section>\n\t\t\t\t\t<\/div>\n\t\t<\/div>\n\t\t\t\t\t<\/div>\n\t\t<\/section>\n\t\t\t\t<\/div>\n\t\t","protected":false},"excerpt":{"rendered":"<p>Carr\u00e9 Bleu est le sp\u00e9cialiste fran\u00e7ais du BRF. Notre \u00e9quipe est compos\u00e9e d&rsquo;ing\u00e9nieurs agronomes et d&rsquo;experts reconnus au niveau national. Notre m\u00e9tier initial est la consultance et l&rsquo;expertise. Nous avons construit une v\u00e9ritable fili\u00e8re avec des propri\u00e9taires de for\u00eats et des entreprises de travaux forestiers pour vous proposer un B.R.F. local, certifi\u00e9, et de tr\u00e8s [&hellip;]<\/p>\n","protected":false},"author":1,"featured_media":0,"parent":0,"menu_order":0,"comment_status":"closed","ping_status":"closed","template":"elementor_header_footer","meta":{"footnotes":""},"class_list":["post-42","page","type-page","status-publish","hentry"],"_links":{"self":[{"href":"https:\/\/brf.carre-bleu.eu\/index.php\/wp-json\/wp\/v2\/pages\/42","targetHints":{"allow":["GET"]}}],"collection":[{"href":"https:\/\/brf.carre-bleu.eu\/index.php\/wp-json\/wp\/v2\/pages"}],"about":[{"href":"https:\/\/brf.carre-bleu.eu\/index.php\/wp-json\/wp\/v2\/types\/page"}],"author":[{"embeddable":true,"href":"https:\/\/brf.carre-bleu.eu\/index.php\/wp-json\/wp\/v2\/users\/1"}],"replies":[{"embeddable":true,"href":"https:\/\/brf.carre-bleu.eu\/index.php\/wp-json\/wp\/v2\/comments?post=42"}],"version-history":[{"count":38,"href":"https:\/\/brf.carre-bleu.eu\/index.php\/wp-json\/wp\/v2\/pages\/42\/revisions"}],"predecessor-version":[{"id":533,"href":"https:\/\/brf.carre-bleu.eu\/index.php\/wp-json\/wp\/v2\/pages\/42\/revisions\/533"}],"wp:attachment":[{"href":"https:\/\/brf.carre-bleu.eu\/index.php\/wp-json\/wp\/v2\/media?parent=42"}],"curies":[{"name":"wp","href":"https:\/\/api.w.org\/{rel}","templated":true}]}}