{"id":53,"date":"2024-07-18T19:51:21","date_gmt":"2024-07-18T17:51:21","guid":{"rendered":"https:\/\/brf.carre-bleu.eu\/index.php\/features\/"},"modified":"2024-08-08T18:46:27","modified_gmt":"2024-08-08T16:46:27","slug":"offres","status":"publish","type":"page","link":"https:\/\/brf.carre-bleu.eu\/index.php\/offres\/","title":{"rendered":"Nos offres"},"content":{"rendered":"\t\t<div data-elementor-type=\"wp-page\" data-elementor-id=\"53\" class=\"elementor elementor-53\" data-elementor-post-type=\"page\">\n\t\t\t\t<div class=\"elementor-element elementor-element-6e4d0ac3 e-con-full e-flex e-con e-parent\" data-id=\"6e4d0ac3\" data-element_type=\"container\" data-settings=\"{&quot;background_background&quot;:&quot;classic&quot;}\">\n\t\t\t\t<div class=\"elementor-element elementor-element-6619a309 animated-slow elementor-invisible elementor-widget elementor-widget-heading\" data-id=\"6619a309\" data-element_type=\"widget\" data-settings=\"{&quot;_animation&quot;:&quot;fadeInUp&quot;,&quot;_animation_delay&quot;:&quot;0.8&quot;}\" data-widget_type=\"heading.default\">\n\t\t\t\t<div class=\"elementor-widget-container\">\n\t\t\t\t\t<h2 class=\"elementor-heading-title elementor-size-default\">100% BRF. Une ma\u00eetrise d'oeuvre pour de grands projets BRF dans toute la France. Des petits volumes de BRF uniquement pour la Champagne. Toujours local. Toujours certifi\u00e9. Toujours de haute qualit\u00e9 homog\u00e8ne.<\/h2>\t\t\t\t<\/div>\n\t\t\t\t<\/div>\n\t\t\t\t<\/div>\n\t\t<div class=\"elementor-element elementor-element-4fecf41b e-con-full e-flex e-con e-parent\" data-id=\"4fecf41b\" data-element_type=\"container\">\n\t\t<div class=\"elementor-element elementor-element-2a4e3a47 e-con-full e-flex e-con e-child\" data-id=\"2a4e3a47\" data-element_type=\"container\" data-settings=\"{&quot;background_background&quot;:&quot;classic&quot;}\">\n\t\t\t\t<\/div>\n\t\t<div class=\"elementor-element elementor-element-fbbf810 e-con-full e-flex e-con e-child\" data-id=\"fbbf810\" data-element_type=\"container\" data-settings=\"{&quot;background_background&quot;:&quot;classic&quot;}\">\n\t\t\t\t<div class=\"elementor-element elementor-element-296d0826 elementor-widget elementor-widget-text-editor\" data-id=\"296d0826\" data-element_type=\"widget\" data-widget_type=\"text-editor.default\">\n\t\t\t\t<div class=\"elementor-widget-container\">\n\t\t\t\t\t\t\t\t\t<p>Nous sommes les seuls en France \u00e0 pouvoir garantir une qualit\u00e9 de BRF certifi\u00e9e associ\u00e9e \u00e0 une ma\u00eetrise d&rsquo;oeuvre de projets.<\/p>\t\t\t\t\t\t\t\t<\/div>\n\t\t\t\t<\/div>\n\t\t<div class=\"elementor-element elementor-element-696d757e e-con-full e-flex e-con e-child\" data-id=\"696d757e\" data-element_type=\"container\">\n\t\t\t\t<div class=\"elementor-element elementor-element-25e47be3 elementor-widget elementor-widget-image-box\" data-id=\"25e47be3\" data-element_type=\"widget\" data-widget_type=\"image-box.default\">\n\t\t\t\t<div class=\"elementor-widget-container\">\n\t\t\t\t\t<div class=\"elementor-image-box-wrapper\"><div class=\"elementor-image-box-content\"><h2 class=\"elementor-image-box-title\">Une ma\u00eetrise d'oeuvre unique<\/h2><p class=\"elementor-image-box-description\">Fournir de grandes quantit\u00e9s de BRF issus de for\u00eats proches de vos parcelles, avec une qualit\u00e9 tr\u00e8s \u00e9lev\u00e9e et tr\u00e8s homog\u00e8ne, ne s'improvise pas. G\u00e9rer les propri\u00e9taires, les entreprises de travaux forestiers et toute la logistique qui va avec est un vrai m\u00e9tier. C'est le n\u00f4tre.<\/p><\/div><\/div>\t\t\t\t<\/div>\n\t\t\t\t<\/div>\n\t\t\t\t<div class=\"elementor-element elementor-element-67348e70 elementor-widget elementor-widget-image-box\" data-id=\"67348e70\" data-element_type=\"widget\" data-widget_type=\"image-box.default\">\n\t\t\t\t<div class=\"elementor-widget-container\">\n\t\t\t\t\t<div class=\"elementor-image-box-wrapper\"><div class=\"elementor-image-box-content\"><h2 class=\"elementor-image-box-title\">Une qualit\u00e9 certifi\u00e9e de haute valeur<\/h2><p class=\"elementor-image-box-description\">Nous ne travaillons que les for\u00eats certifi\u00e9es compos\u00e9es de feuillus. Nous ne r\u00e9coltons que les houppiers, c'est-\u00e0-dire les parties sup\u00e9rieures des arbres et arbustes compos\u00e9es de branches et de rameaux de faible diam\u00e8tre.<\/p><\/div><\/div>\t\t\t\t<\/div>\n\t\t\t\t<\/div>\n\t\t\t\t<div class=\"elementor-element elementor-element-ddb064c elementor-widget elementor-widget-image-box\" data-id=\"ddb064c\" data-element_type=\"widget\" data-widget_type=\"image-box.default\">\n\t\t\t\t<div class=\"elementor-widget-container\">\n\t\t\t\t\t<div class=\"elementor-image-box-wrapper\"><div class=\"elementor-image-box-content\"><h2 class=\"elementor-image-box-title\">En France et en Champagne<\/h2><p class=\"elementor-image-box-description\">En France, nous travaillons sur des projets de taille significative n\u00e9cessitant de la ma\u00eetrise d'oeuvre.\nEn Champagne, nous sommes capables de d\u00e9livrer des petits volumes.<\/p><\/div><\/div>\t\t\t\t<\/div>\n\t\t\t\t<\/div>\n\t\t\t\t<\/div>\n\t\t\t\t<\/div>\n\t\t\t\t<\/div>\n\t\t<div class=\"elementor-element elementor-element-ea99b6c e-flex e-con-boxed e-con e-parent\" data-id=\"ea99b6c\" data-element_type=\"container\" data-settings=\"{&quot;background_background&quot;:&quot;classic&quot;}\">\n\t\t\t\t\t<div class=\"e-con-inner\">\n\t\t<div class=\"elementor-element elementor-element-cb0d84b e-con-full e-flex e-con e-child\" data-id=\"cb0d84b\" data-element_type=\"container\">\n\t\t<div class=\"elementor-element elementor-element-bbea683 e-con-full e-flex e-con e-child\" data-id=\"bbea683\" data-element_type=\"container\">\n\t\t\t\t<div class=\"elementor-element elementor-element-d19f5cb elementor-widget__width-initial elementor-widget elementor-widget-heading\" data-id=\"d19f5cb\" data-element_type=\"widget\" data-widget_type=\"heading.default\">\n\t\t\t\t<div class=\"elementor-widget-container\">\n\t\t\t\t\t<h2 class=\"elementor-heading-title elementor-size-default\">Du bois vivant pour un sol vivant<\/h2>\t\t\t\t<\/div>\n\t\t\t\t<\/div>\n\t\t\t\t<\/div>\n\t\t\t\t<div class=\"elementor-element elementor-element-845ce3e elementor-widget__width-initial elementor-widget elementor-widget-heading\" data-id=\"845ce3e\" data-element_type=\"widget\" data-widget_type=\"heading.default\">\n\t\t\t\t<div class=\"elementor-widget-container\">\n\t\t\t\t\t<h4 class=\"elementor-heading-title elementor-size-default\">Apr\u00e8s quelques semaines ou quelques mois, on observe un d\u00e9veloppement important de champignons \u00e0 quelques centim\u00e8res de profondeur. De nombreux jeunes vers de terre apparaissent.<\/h4>\t\t\t\t<\/div>\n\t\t\t\t<\/div>\n\t\t\t\t<div class=\"elementor-element elementor-element-5d37bb5 elementor-widget elementor-widget-ucaddon_step_process\" data-id=\"5d37bb5\" data-element_type=\"widget\" data-widget_type=\"ucaddon_step_process.default\">\n\t\t\t\t<div class=\"elementor-widget-container\">\n\t\t\t\t\t\n<!-- start Step Process -->\n\t\t<link id='font-awesome-css' href='https:\/\/brf.carre-bleu.eu\/wp-content\/plugins\/unlimited-elements-for-elementor-premium\/assets_libraries\/font-awesome6\/fontawesome-all.min.css' type='text\/css' rel='stylesheet' >\n\t\t<link id='font-awesome-4-shim-css' href='https:\/\/brf.carre-bleu.eu\/wp-content\/plugins\/unlimited-elements-for-elementor-premium\/assets_libraries\/font-awesome6\/fontawesome-v4-shims.min.css' type='text\/css' rel='stylesheet' >\n\n<style>\/* widget: Step Process *\/\n\n#uc_step_process_elementor_5d37bb5\n{\n  display:flex;\n}\n\n#uc_step_process_elementor_5d37bb5 .ue-link\n{\n  display:block;\n  position:absolute;\n  top:0px;\n  bottom:0px;\n  left:0px;\n  right:0px;\n}\n\n#uc_step_process_elementor_5d37bb5 .ue-step-item\n{\n  flex:1;\n  display:flex;\n  flex-direction:column;\n  position:relative;\n}\n#uc_step_process_elementor_5d37bb5 .ue-item-highlight\n{\n  display: flex;\n  align-items:center;\n  \n}\n\n#uc_step_process_elementor_5d37bb5 .ue-step-item-gap\n{\n  flex-grow:0;\n  flex-shrink:0;\n}\n\n#uc_step_process_elementor_5d37bb5 .ue-step-item-line\n{\n  height:2px;\n  flex-grow:1;\n}\n\n#uc_step_process_elementor_5d37bb5 .ue-step-icon\n{\n  display:flex;\n  justify-content:center;\n  align-items:center;\n  flex-grow:0;\n  flex-shrink:0;\n  position:relative;\n  line-height:1em;\n  transition:0.3s;\n}\n\n#uc_step_process_elementor_5d37bb5 .ue-icon svg\n{\n  height:1em;\n  width:1em;\n}\n\n#uc_step_process_elementor_5d37bb5 .ue-step-label\n{\n  position:absolute;\n  left:0px;\n  top:0px;\n  display:flex;\n  justify-content:center;\n  align-items:center;\n}\n.ue-step-label\n{\n  font-size:9px;\n  line-height:1em;\n}\n\n#uc_step_process_elementor_5d37bb5 .ue-step-item-content\n{\n}\n\n#uc_step_process_elementor_5d37bb5 .ue-step-item:last-child .ue-step-item-line:last-child\n{\n  opacity:0;\n}\n\n#uc_step_process_elementor_5d37bb5 .ue-step-item:first-child .ue-step-item-line:first-child\n{\n  opacity:0;\n}\n\n#uc_step_process_elementor_5d37bb5 .ue-step-item-spacer\n{\n  flex-grow:0;\n  flex-shrink:0;\n  \n}\n\n#uc_step_process_elementor_5d37bb5 .ue-graphic-image img\n{\n  \n}\n\n\n#uc_step_process_elementor_5d37bb5.uc-remote-parent .ue-step-item\n{\n  cursor:pointer;\n}\n\n\n\n\t#uc_step_process_elementor_5d37bb5\n    {\n      flex-direction:column;\n    }\n  \n  #uc_step_process_elementor_5d37bb5 .ue-step-item\n  {\n    flex-direction:row;\n  }\n  \n  #uc_step_process_elementor_5d37bb5 .ue-item-highlight\n  {\n    flex-direction:column;\n  }\n  \n   #uc_step_process_elementor_5d37bb5 .ue-step-item .ue-step-item-line:first-child\n    {\n      display:none;\n    }\n  \n\n    #uc_step_process_elementor_5d37bb5  .ue-step-item-gap:nth-child(2)\n     {\n      display:none;    \n      }\n   #uc_step_process_elementor_5d37bb5  .ue-step-item-line:first-child\n      {\n      display:none;    \n      }\n  \n    #uc_step_process_elementor_5d37bb5  .ue-step-item-line\n      {\n        height:100%;\n        width:2px;\n      }\n\n\n\n\n\n\n<\/style>\n\n<div id=\"uc_step_process_elementor_5d37bb5\" class=\"uc-items-wrapper  \"  >\n <div class=\"ue-step-item ue-item elementor-repeater-item-d48540c\">\n    <div class=\"ue-item-highlight\">\n      \n      <div class=\"ue-step-item-line\"><\/div>\n      <div class=\"ue-step-item-gap\"><\/div>\n      <div class=\"ue-step-icon \">\n                <span class=\"ue-graphic-text\">1<\/span>                \n        <div class=\"ue-step-label\">1<\/div>      <\/div>\n      <div class=\"ue-step-item-gap\"><\/div>\n      <div class=\"ue-step-item-line\"><\/div>\n      \n    <\/div>\n    \n    <div class=\"ue-step-item-spacer\"><\/div>\n    \n    <div class=\"ue-step-item-content\">  \n       <div class=\"ue-step-item-content-title\">Pose du B.R.F. au sol<\/div>       <div class=\"ue-step-item-content-text\">Add more power to Elementor using our creative elements and make your projects look prettier than ever before.<\/div>    <\/div>\n  \n    <\/div>\n<div class=\"ue-step-item ue-item elementor-repeater-item-fa42d83\">\n    <div class=\"ue-item-highlight\">\n      \n      <div class=\"ue-step-item-line\"><\/div>\n      <div class=\"ue-step-item-gap\"><\/div>\n      <div class=\"ue-step-icon \">\n                <span class=\"ue-graphic-text\">2<\/span>                \n        <div class=\"ue-step-label\">2<\/div>      <\/div>\n      <div class=\"ue-step-item-gap\"><\/div>\n      <div class=\"ue-step-item-line\"><\/div>\n      \n    <\/div>\n    \n    <div class=\"ue-step-item-spacer\"><\/div>\n    \n    <div class=\"ue-step-item-content\">  \n       <div class=\"ue-step-item-content-title\">La vie du sol est prot\u00e9g\u00e9e, couverte et nourrie<\/div>       <div class=\"ue-step-item-content-text\">Find all the tools you\u2019ll need to create advanced websites in one place. Stop waisting time searching for solutions.<\/div>    <\/div>\n  \n    <\/div>\n<div class=\"ue-step-item ue-item elementor-repeater-item-72ddeab\">\n    <div class=\"ue-item-highlight\">\n      \n      <div class=\"ue-step-item-line\"><\/div>\n      <div class=\"ue-step-item-gap\"><\/div>\n      <div class=\"ue-step-icon \">\n                <span class=\"ue-graphic-text\">3<\/span>                \n        <div class=\"ue-step-label\">3<\/div>      <\/div>\n      <div class=\"ue-step-item-gap\"><\/div>\n      <div class=\"ue-step-item-line\"><\/div>\n      \n    <\/div>\n    \n    <div class=\"ue-step-item-spacer\"><\/div>\n    \n    <div class=\"ue-step-item-content\">  \n       <div class=\"ue-step-item-content-title\">Les champignons et les jeunes vers de terre r\u00e9-apparaissent.  Le sol se r\u00e9g\u00e9n\u00e8re et gu\u00e9rit.<\/div>       <div class=\"ue-step-item-content-text\"><\/div>    <\/div>\n  \n    <\/div>\n\n<\/div>\n<!-- end Step Process -->\t\t\t\t<\/div>\n\t\t\t\t<\/div>\n\t\t\t\t<\/div>\n\t\t<div class=\"elementor-element elementor-element-2f838ff e-con-full e-flex e-con e-child\" data-id=\"2f838ff\" data-element_type=\"container\">\n\t\t<div class=\"elementor-element elementor-element-2c1bf37 e-con-full e-flex e-con e-child\" data-id=\"2c1bf37\" data-element_type=\"container\">\n\t\t\t\t<div class=\"elementor-element elementor-element-4f9c14f elementor-widget elementor-widget-ucaddon_uc_before_after\" data-id=\"4f9c14f\" data-element_type=\"widget\" data-widget_type=\"ucaddon_uc_before_after.default\">\n\t\t\t\t<div class=\"elementor-widget-container\">\n\t\t\t\t\t\n<!-- start Before After -->\n<style>\/* widget: Before After *\/\n\n#uc_uc_before_after_elementor_4f9c14f {\n\tbox-sizing: border-box;\n\tcursor: pointer;\n\tmargin: 0;\n\toverflow: hidden;\n\tpadding: 0;\n\tposition: relative;\n\tuser-select: none;\n}\n\n#uc_uc_before_after_elementor_4f9c14f img{\n\tisolation: unset;\n}  \n\n#uc_uc_before_after_elementor_4f9c14f * {\n\tbox-sizing: inherit;\n}\n\n#uc_uc_before_after_elementor_4f9c14f ::after,\n#uc_uc_before_after_elementor_4f9c14f ::before {\n\tbox-sizing: inherit;\n}\n\n#uc_uc_before_after_elementor_4f9c14f img,\n#uc_uc_before_after_elementor_4f9c14f picture>img {\n\tmax-width: none;\n}\n\n#uc_uc_before_after_elementor_4f9c14f>img,\n#uc_uc_before_after_elementor_4f9c14f>picture>img {\n\tdisplay: block;\n\twidth: 100%;\n}\n\n#uc_uc_before_after_elementor_4f9c14f>div:first-child,\npicture #uc_uc_before_after_elementor_4f9c14f>div {\n\t\n\tleft: 0;\n\toverflow: hidden;\n\tposition: absolute;\n\ttop: 0;\n      \twidth: 50%;\n    height: 100%;\n  \t\t\n  \t\t\n}\n\n#uc_uc_before_after_elementor_4f9c14f .cocoen-drag {\n\tposition: absolute;\n}\n\n#uc_uc_before_after_elementor_4f9c14f .cocoen-drag::before {\n\tcontent: '';\n  \tposition: absolute;\n  \t      left: 50%;\n      top: 50%;\n\t  transform:translate(-50%,-50%);  \n      \n}\n\n\/* general arrows settings *\/\n\/* end general arrows settings *\/\n\n\/* horizontal direction *\/\n  #uc_uc_before_after_elementor_4f9c14f .cocoen-drag {\n      cursor: ew-resize;\n      bottom: 0;\n      left: 50%;\n      transform:translateX(-50%);\n      top: 0;\n  }\n\n  \t\n\/* end horizontal direction *\/\n\n\/* vertical direction *\/\n\/* end vertical direction *\/\n\n  #uc_uc_before_after_elementor_4f9c14f .cocoen-label-wrapper{\n    position: absolute;\n  }\n\n  #uc_uc_before_after_elementor_4f9c14f .cocoen-label{\n\ttransition: all .3s;\n  }\n\n  \n  \n    #uc_uc_before_after_elementor_4f9c14f .cocoen-label-wrapper{      \n        \n            top: 50%;\n            transform: translate(0, -50%);\n          }\n\n    #uc_uc_before_after_elementor_4f9c14f .cocoen-label-before-wrapper{\n\t\tleft: 0;\n    }\n\n\t#uc_uc_before_after_elementor_4f9c14f .cocoen-label-after-wrapper{\n\t\tright: 0;\n    }\n  \n#uc_uc_before_after_elementor_4f9c14f > div {\n  z-index:1;\n}\n#uc_uc_before_after_elementor_4f9c14f .cocoen-drag{\n  z-index:2;\n}\n\n<\/style>\n\n<div class=\"cocoen before-after-widget\" id=\"uc_uc_before_after_elementor_4f9c14f\" style=\"direction:ltr;\" data-workineditor=\"true\" data-isineditor=\"no\">\n  \n  <img fetchpriority=\"high\" decoding=\"async\" src=\"https:\/\/brf.carre-bleu.eu\/wp-content\/uploads\/2024\/07\/20230817_192258-scaled.jpg\"  src=\"https:\/\/brf.carre-bleu.eu\/wp-content\/uploads\/2024\/07\/20230817_192258-scaled.jpg\" alt=\"20230817_192258\" width=\"2560\" height=\"1920\">\n  <img decoding=\"async\" src=\"https:\/\/brf.carre-bleu.eu\/wp-content\/uploads\/2024\/07\/20230817_192308-1-scaled.jpg\"  src=\"https:\/\/brf.carre-bleu.eu\/wp-content\/uploads\/2024\/07\/20230817_192308-1-scaled.jpg\" alt=\"20230817_192308\" width=\"2560\" height=\"1920\">\n    \n  \t\n   <div class=\"cocoen-label-wrapper cocoen-label-before-wrapper\">\n     <div class=\"cocoen-label cocoen-label-before\">en surface<\/div>\n   <\/div>\n   <div class=\"cocoen-label-wrapper cocoen-label-after-wrapper\">\n     <div class=\"cocoen-label cocoen-label-after\">\u00e0 quelques centim\u00e8res<\/div>\n   <\/div>\n  \n  \t\n  \n<\/div>\n<!-- end Before After -->\t\t\t\t<\/div>\n\t\t\t\t<\/div>\n\t\t\t\t<\/div>\n\t\t\t\t<\/div>\n\t\t\t\t\t<\/div>\n\t\t\t\t<\/div>\n\t\t\t\t<\/div>\n\t\t","protected":false},"excerpt":{"rendered":"<p>100% BRF. Une ma\u00eetrise d&rsquo;oeuvre pour de grands projets BRF dans toute la France. Des petits volumes de BRF uniquement pour la Champagne. Toujours local. Toujours certifi\u00e9. Toujours de haute qualit\u00e9 homog\u00e8ne. Nous sommes les seuls en France \u00e0 pouvoir garantir une qualit\u00e9 de BRF certifi\u00e9e associ\u00e9e \u00e0 une ma\u00eetrise d&rsquo;oeuvre de projets. Une ma\u00eetrise [&hellip;]<\/p>\n","protected":false},"author":1,"featured_media":0,"parent":0,"menu_order":0,"comment_status":"closed","ping_status":"closed","template":"elementor_header_footer","meta":{"footnotes":""},"class_list":["post-53","page","type-page","status-publish","hentry"],"_links":{"self":[{"href":"https:\/\/brf.carre-bleu.eu\/index.php\/wp-json\/wp\/v2\/pages\/53","targetHints":{"allow":["GET"]}}],"collection":[{"href":"https:\/\/brf.carre-bleu.eu\/index.php\/wp-json\/wp\/v2\/pages"}],"about":[{"href":"https:\/\/brf.carre-bleu.eu\/index.php\/wp-json\/wp\/v2\/types\/page"}],"author":[{"embeddable":true,"href":"https:\/\/brf.carre-bleu.eu\/index.php\/wp-json\/wp\/v2\/users\/1"}],"replies":[{"embeddable":true,"href":"https:\/\/brf.carre-bleu.eu\/index.php\/wp-json\/wp\/v2\/comments?post=53"}],"version-history":[{"count":74,"href":"https:\/\/brf.carre-bleu.eu\/index.php\/wp-json\/wp\/v2\/pages\/53\/revisions"}],"predecessor-version":[{"id":566,"href":"https:\/\/brf.carre-bleu.eu\/index.php\/wp-json\/wp\/v2\/pages\/53\/revisions\/566"}],"wp:attachment":[{"href":"https:\/\/brf.carre-bleu.eu\/index.php\/wp-json\/wp\/v2\/media?parent=53"}],"curies":[{"name":"wp","href":"https:\/\/api.w.org\/{rel}","templated":true}]}}